{"id":8,"date":"2026-05-02T18:38:47","date_gmt":"2026-05-02T16:38:47","guid":{"rendered":"https:\/\/noticiasdeconfianza.tr3flex.com\/?page_id=8"},"modified":"2026-05-02T18:38:47","modified_gmt":"2026-05-02T16:38:47","slug":"8-2","status":"publish","type":"page","link":"https:\/\/noticiasdeconfianza.tr3flex.com\/?page_id=8","title":{"rendered":""},"content":{"rendered":"\n<p>short<\/p>\n\n\n<div class=\"youtube-confianza-grid\">\n<div class=\"youtube-confianza-item\" \n     data-video-index=\"0\" \n     data-video-id=\"38yJbprjnxI\"\n     data-video-title=\"TRUMP \u00a1MANDA AL DIABLO A ALITO Y PRIAN! SHEINBAUM DEFIENDE CON BRAVURA A M\u00c9XICO \u00a1T MEC EJ\u00c9RCITO HOY!\"\n     data-channel-name=\"Campechaneando\"\n     data-published-date=\"01\/05\/2026\"\n     data-channel-thumbnail=\"https:\/\/yt3.googleusercontent.com\/ytc\/d58d807633c4b4a30be76863-c-k-c.png\">\n    <div class=\"confianza-card\">\n        <div class=\"confianza-thumbnail\">\n            <img decoding=\"async\" src=\"https:\/\/i4.ytimg.com\/vi\/38yJbprjnxI\/hqdefault.jpg\" \n                 alt=\"TRUMP \u00a1MANDA AL DIABLO A ALITO Y PRIAN! SHEINBAUM DEFIENDE CON BRAVURA A M\u00c9XICO \u00a1T MEC EJ\u00c9RCITO HOY!\" \n                 loading=\"lazy\">\n            <div class=\"play-button\">\u25b6<\/div>\n        <\/div>\n        <div class=\"confianza-info\">\n            <h3 class=\"confianza-title\">TRUMP \u00a1MANDA AL DIABLO A ALITO Y PRIAN! SHEINBAUM DEFIENDE CON BRAVURA A M\u00c9XICO \u00a1T MEC EJ\u00c9RCITO HOY!<\/h3>\n            <div class=\"confianza-meta\">\n                <span class=\"confianza-date\">01\/05\/2026<\/span>\n            <\/div>\n        <\/div>\n    <\/div>\n<\/div>\n<div class=\"youtube-confianza-item\" \n     data-video-index=\"1\" \n     data-video-id=\"0ntCRTgupwg\"\n     data-video-title=\"TRUMP \u00a1QUIERE METER A LA DEA A M\u00c9XICO Y CIA! SHEINBAUM LO FRENA \u00a1EJ\u00c9RCITO LISTO! HARFUCH TREVILLA\"\n     data-channel-name=\"Campechaneando\"\n     data-published-date=\"30\/04\/2026\"\n     data-channel-thumbnail=\"https:\/\/yt3.googleusercontent.com\/ytc\/d58d807633c4b4a30be76863-c-k-c.png\">\n    <div class=\"confianza-card\">\n        <div class=\"confianza-thumbnail\">\n            <img decoding=\"async\" src=\"https:\/\/i1.ytimg.com\/vi\/0ntCRTgupwg\/hqdefault.jpg\" \n                 alt=\"TRUMP \u00a1QUIERE METER A LA DEA A M\u00c9XICO Y CIA! SHEINBAUM LO FRENA \u00a1EJ\u00c9RCITO LISTO! HARFUCH TREVILLA\" \n                 loading=\"lazy\">\n            <div class=\"play-button\">\u25b6<\/div>\n        <\/div>\n        <div class=\"confianza-info\">\n            <h3 class=\"confianza-title\">TRUMP \u00a1QUIERE METER A LA DEA A M\u00c9XICO Y CIA! SHEINBAUM LO FRENA \u00a1EJ\u00c9RCITO LISTO! HARFUCH TREVILLA<\/h3>\n            <div class=\"confianza-meta\">\n                <span class=\"confianza-date\">30\/04\/2026<\/span>\n            <\/div>\n        <\/div>\n    <\/div>\n<\/div>\n<div class=\"youtube-confianza-item\" \n     data-video-index=\"2\" \n     data-video-id=\"dfHa-ZTgO18\"\n     data-video-title=\"TRUMP \u00a1EXIGE A M\u00c9XICO ENTREGAR A GOBER DE SINALOA ROCHA MOYA! SHEINBAUM EJ\u00c9RCITO HARFUCH CHIHUAHUA\"\n     data-channel-name=\"Campechaneando\"\n     data-published-date=\"30\/04\/2026\"\n     data-channel-thumbnail=\"https:\/\/yt3.googleusercontent.com\/ytc\/d58d807633c4b4a30be76863-c-k-c.png\">\n    <div class=\"confianza-card\">\n        <div class=\"confianza-thumbnail\">\n            <img decoding=\"async\" src=\"https:\/\/i1.ytimg.com\/vi\/dfHa-ZTgO18\/hqdefault.jpg\" \n                 alt=\"TRUMP \u00a1EXIGE A M\u00c9XICO ENTREGAR A GOBER DE SINALOA ROCHA MOYA! SHEINBAUM EJ\u00c9RCITO HARFUCH CHIHUAHUA\" \n                 loading=\"lazy\">\n            <div class=\"play-button\">\u25b6<\/div>\n        <\/div>\n        <div class=\"confianza-info\">\n            <h3 class=\"confianza-title\">TRUMP \u00a1EXIGE A M\u00c9XICO ENTREGAR A GOBER DE SINALOA ROCHA MOYA! SHEINBAUM EJ\u00c9RCITO HARFUCH CHIHUAHUA<\/h3>\n            <div class=\"confianza-meta\">\n                <span class=\"confianza-date\">30\/04\/2026<\/span>\n            <\/div>\n        <\/div>\n    <\/div>\n<\/div>\n<div class=\"youtube-confianza-item\" \n     data-video-index=\"3\" \n     data-video-id=\"Q1KQAU24rag\"\n     data-video-title=\"TRUMP \u00a1SALE PRUEBA MADRE! AGENTE CIA \u00a1SHEINBAUM HARFUCH! GOBERNADORA CHIHUAHUA \u00a1TRAICI\u00d3N A LA PATRIA\"\n     data-channel-name=\"Campechaneando\"\n     data-published-date=\"29\/04\/2026\"\n     data-channel-thumbnail=\"https:\/\/yt3.googleusercontent.com\/ytc\/d58d807633c4b4a30be76863-c-k-c.png\">\n    <div class=\"confianza-card\">\n        <div class=\"confianza-thumbnail\">\n            <img decoding=\"async\" src=\"https:\/\/i2.ytimg.com\/vi\/Q1KQAU24rag\/hqdefault.jpg\" \n                 alt=\"TRUMP \u00a1SALE PRUEBA MADRE! AGENTE CIA \u00a1SHEINBAUM HARFUCH! GOBERNADORA CHIHUAHUA \u00a1TRAICI\u00d3N A LA PATRIA\" \n                 loading=\"lazy\">\n            <div class=\"play-button\">\u25b6<\/div>\n        <\/div>\n        <div class=\"confianza-info\">\n            <h3 class=\"confianza-title\">TRUMP \u00a1SALE PRUEBA MADRE! AGENTE CIA \u00a1SHEINBAUM HARFUCH! GOBERNADORA CHIHUAHUA \u00a1TRAICI\u00d3N A LA PATRIA<\/h3>\n            <div class=\"confianza-meta\">\n                <span class=\"confianza-date\">29\/04\/2026<\/span>\n            <\/div>\n        <\/div>\n    <\/div>\n<\/div>\n<div class=\"youtube-confianza-item\" \n     data-video-index=\"4\" \n     data-video-id=\"0VKI2WuhTBc\"\n     data-video-title=\"TRUMP \u00a1SHEINBAUM NO PERDONA VAN POR GOBERNADORA! HARFUCH Y EJ\u00c9RCITO \u00a1ATRAPAN AHORA AL CAPO MAYOR!\"\n     data-channel-name=\"Campechaneando\"\n     data-published-date=\"28\/04\/2026\"\n     data-channel-thumbnail=\"https:\/\/yt3.googleusercontent.com\/ytc\/d58d807633c4b4a30be76863-c-k-c.png\">\n    <div class=\"confianza-card\">\n        <div class=\"confianza-thumbnail\">\n            <img decoding=\"async\" src=\"https:\/\/i1.ytimg.com\/vi\/0VKI2WuhTBc\/hqdefault.jpg\" \n                 alt=\"TRUMP \u00a1SHEINBAUM NO PERDONA VAN POR GOBERNADORA! HARFUCH Y EJ\u00c9RCITO \u00a1ATRAPAN AHORA AL CAPO MAYOR!\" \n                 loading=\"lazy\">\n            <div class=\"play-button\">\u25b6<\/div>\n        <\/div>\n        <div class=\"confianza-info\">\n            <h3 class=\"confianza-title\">TRUMP \u00a1SHEINBAUM NO PERDONA VAN POR GOBERNADORA! HARFUCH Y EJ\u00c9RCITO \u00a1ATRAPAN AHORA AL CAPO MAYOR!<\/h3>\n            <div class=\"confianza-meta\">\n                <span class=\"confianza-date\">28\/04\/2026<\/span>\n            <\/div>\n        <\/div>\n    <\/div>\n<\/div>\n<div class=\"youtube-confianza-item\" \n     data-video-index=\"5\" \n     data-video-id=\"fN_ilzCiaS0\"\n     data-video-title=\"DOMINGAZO! TRUMP LE RUEGA A M\u00c9XICO \u00a1TESORO PETROLERO EN EL GOLFO! SHEINBAUM \u00a1LE PONE UN ALTO AHORA!\"\n     data-channel-name=\"Campechaneando\"\n     data-published-date=\"27\/04\/2026\"\n     data-channel-thumbnail=\"https:\/\/yt3.googleusercontent.com\/ytc\/d58d807633c4b4a30be76863-c-k-c.png\">\n    <div class=\"confianza-card\">\n        <div class=\"confianza-thumbnail\">\n            <img decoding=\"async\" src=\"https:\/\/i3.ytimg.com\/vi\/fN_ilzCiaS0\/hqdefault.jpg\" \n                 alt=\"DOMINGAZO! TRUMP LE RUEGA A M\u00c9XICO \u00a1TESORO PETROLERO EN EL GOLFO! SHEINBAUM \u00a1LE PONE UN ALTO AHORA!\" \n                 loading=\"lazy\">\n            <div class=\"play-button\">\u25b6<\/div>\n        <\/div>\n        <div class=\"confianza-info\">\n            <h3 class=\"confianza-title\">DOMINGAZO! TRUMP LE RUEGA A M\u00c9XICO \u00a1TESORO PETROLERO EN EL GOLFO! SHEINBAUM \u00a1LE PONE UN ALTO AHORA!<\/h3>\n            <div class=\"confianza-meta\">\n                <span class=\"confianza-date\">27\/04\/2026<\/span>\n            <\/div>\n        <\/div>\n    <\/div>\n<\/div>\n<div class=\"youtube-confianza-item\" \n     data-video-index=\"6\" \n     data-video-id=\"N6QsX1MiIuA\"\n     data-video-title=\"S\u00c1BADAZO! TRUMP HUYE DE LA CASA BLANCA \u00a1PLOMAZOS AHORA! SERVICIO SECRETO ENTR\u00d3 DE URGENTE AHORA EEUU\"\n     data-channel-name=\"Campechaneando\"\n     data-published-date=\"26\/04\/2026\"\n     data-channel-thumbnail=\"https:\/\/yt3.googleusercontent.com\/ytc\/d58d807633c4b4a30be76863-c-k-c.png\">\n    <div class=\"confianza-card\">\n        <div class=\"confianza-thumbnail\">\n            <img decoding=\"async\" src=\"https:\/\/i3.ytimg.com\/vi\/N6QsX1MiIuA\/hqdefault.jpg\" \n                 alt=\"S\u00c1BADAZO! TRUMP HUYE DE LA CASA BLANCA \u00a1PLOMAZOS AHORA! SERVICIO SECRETO ENTR\u00d3 DE URGENTE AHORA EEUU\" \n                 loading=\"lazy\">\n            <div class=\"play-button\">\u25b6<\/div>\n        <\/div>\n        <div class=\"confianza-info\">\n            <h3 class=\"confianza-title\">S\u00c1BADAZO! TRUMP HUYE DE LA CASA BLANCA \u00a1PLOMAZOS AHORA! SERVICIO SECRETO ENTR\u00d3 DE URGENTE AHORA EEUU<\/h3>\n            <div class=\"confianza-meta\">\n                <span class=\"confianza-date\">26\/04\/2026<\/span>\n            <\/div>\n        <\/div>\n    <\/div>\n<\/div>\n<div class=\"youtube-confianza-item\" \n     data-video-index=\"7\" \n     data-video-id=\"MZOEUjbbNFI\"\n     data-video-title=\"S\u00c1BADAZO! TRUMP ADVIERTE INVASI\u00d3N A M\u00c9XICO \u00a1MEGA CARAVANA POR CHIAPAS! SHEINBAUM ENVIA REFUERZOS!\"\n     data-channel-name=\"Campechaneando\"\n     data-published-date=\"26\/04\/2026\"\n     data-channel-thumbnail=\"https:\/\/yt3.googleusercontent.com\/ytc\/d58d807633c4b4a30be76863-c-k-c.png\">\n    <div class=\"confianza-card\">\n        <div class=\"confianza-thumbnail\">\n            <img decoding=\"async\" src=\"https:\/\/i2.ytimg.com\/vi\/MZOEUjbbNFI\/hqdefault.jpg\" \n                 alt=\"S\u00c1BADAZO! TRUMP ADVIERTE INVASI\u00d3N A M\u00c9XICO \u00a1MEGA CARAVANA POR CHIAPAS! SHEINBAUM ENVIA REFUERZOS!\" \n                 loading=\"lazy\">\n            <div class=\"play-button\">\u25b6<\/div>\n        <\/div>\n        <div class=\"confianza-info\">\n            <h3 class=\"confianza-title\">S\u00c1BADAZO! TRUMP ADVIERTE INVASI\u00d3N A M\u00c9XICO \u00a1MEGA CARAVANA POR CHIAPAS! SHEINBAUM ENVIA REFUERZOS!<\/h3>\n            <div class=\"confianza-meta\">\n                <span class=\"confianza-date\">26\/04\/2026<\/span>\n            <\/div>\n        <\/div>\n    <\/div>\n<\/div>\n<div class=\"youtube-confianza-item\" \n     data-video-index=\"8\" \n     data-video-id=\"YGgXBxEMQAs\"\n     data-video-title=\"TRUMP \u00a1PARADO EN SECO POR SHEINBAUM! INVASI\u00d3N A M\u00c9XICO \u00a1POR GUATEMALA! HARFUCH EJ\u00c9RCITO \u00a1FRENAN HOY!\"\n     data-channel-name=\"Campechaneando\"\n     data-published-date=\"25\/04\/2026\"\n     data-channel-thumbnail=\"https:\/\/yt3.googleusercontent.com\/ytc\/d58d807633c4b4a30be76863-c-k-c.png\">\n    <div class=\"confianza-card\">\n        <div class=\"confianza-thumbnail\">\n            <img decoding=\"async\" src=\"https:\/\/i2.ytimg.com\/vi\/YGgXBxEMQAs\/hqdefault.jpg\" \n                 alt=\"TRUMP \u00a1PARADO EN SECO POR SHEINBAUM! INVASI\u00d3N A M\u00c9XICO \u00a1POR GUATEMALA! HARFUCH EJ\u00c9RCITO \u00a1FRENAN HOY!\" \n                 loading=\"lazy\">\n            <div class=\"play-button\">\u25b6<\/div>\n        <\/div>\n        <div class=\"confianza-info\">\n            <h3 class=\"confianza-title\">TRUMP \u00a1PARADO EN SECO POR SHEINBAUM! INVASI\u00d3N A M\u00c9XICO \u00a1POR GUATEMALA! HARFUCH EJ\u00c9RCITO \u00a1FRENAN HOY!<\/h3>\n            <div class=\"confianza-meta\">\n                <span class=\"confianza-date\">25\/04\/2026<\/span>\n            <\/div>\n        <\/div>\n    <\/div>\n<\/div>\n<div class=\"youtube-confianza-item\" \n     data-video-index=\"9\" \n     data-video-id=\"k_36UxkPSNc\"\n     data-video-title=\"TRUMP \u00a1EN SHOCK M\u00c9XICO SAC\u00d3 A LA CIA! HARFUCH HACE CANTAR A GOBERNADORA \u00a1SHEINBAUM PONE ALTO TOTAL\"\n     data-channel-name=\"Campechaneando\"\n     data-published-date=\"24\/04\/2026\"\n     data-channel-thumbnail=\"https:\/\/yt3.googleusercontent.com\/ytc\/d58d807633c4b4a30be76863-c-k-c.png\">\n    <div class=\"confianza-card\">\n        <div class=\"confianza-thumbnail\">\n            <img decoding=\"async\" src=\"https:\/\/i4.ytimg.com\/vi\/k_36UxkPSNc\/hqdefault.jpg\" \n                 alt=\"TRUMP \u00a1EN SHOCK M\u00c9XICO SAC\u00d3 A LA CIA! HARFUCH HACE CANTAR A GOBERNADORA \u00a1SHEINBAUM PONE ALTO TOTAL\" \n                 loading=\"lazy\">\n            <div class=\"play-button\">\u25b6<\/div>\n        <\/div>\n        <div class=\"confianza-info\">\n            <h3 class=\"confianza-title\">TRUMP \u00a1EN SHOCK M\u00c9XICO SAC\u00d3 A LA CIA! HARFUCH HACE CANTAR A GOBERNADORA \u00a1SHEINBAUM PONE ALTO TOTAL<\/h3>\n            <div class=\"confianza-meta\">\n                <span class=\"confianza-date\">24\/04\/2026<\/span>\n            <\/div>\n        <\/div>\n    <\/div>\n<\/div>\n<div class=\"youtube-confianza-item\" \n     data-video-index=\"10\" \n     data-video-id=\"Q3Hdw1W-adI\"\n     data-video-title=\"HARFUCH \u00a1VA POR GOBERNADORA DE TRUMP! LA QUE DEJ\u00d3 ENTRAR A LA CIA A M\u00c9XICO \u00a1SHEIBAUM PONE UN ALTO!\"\n     data-channel-name=\"Campechaneando\"\n     data-published-date=\"23\/04\/2026\"\n     data-channel-thumbnail=\"https:\/\/yt3.googleusercontent.com\/ytc\/d58d807633c4b4a30be76863-c-k-c.png\">\n    <div class=\"confianza-card\">\n        <div class=\"confianza-thumbnail\">\n            <img decoding=\"async\" src=\"https:\/\/i2.ytimg.com\/vi\/Q3Hdw1W-adI\/hqdefault.jpg\" \n                 alt=\"HARFUCH \u00a1VA POR GOBERNADORA DE TRUMP! LA QUE DEJ\u00d3 ENTRAR A LA CIA A M\u00c9XICO \u00a1SHEIBAUM PONE UN ALTO!\" \n                 loading=\"lazy\">\n            <div class=\"play-button\">\u25b6<\/div>\n        <\/div>\n        <div class=\"confianza-info\">\n            <h3 class=\"confianza-title\">HARFUCH \u00a1VA POR GOBERNADORA DE TRUMP! LA QUE DEJ\u00d3 ENTRAR A LA CIA A M\u00c9XICO \u00a1SHEIBAUM PONE UN ALTO!<\/h3>\n            <div class=\"confianza-meta\">\n                <span class=\"confianza-date\">23\/04\/2026<\/span>\n            <\/div>\n        <\/div>\n    <\/div>\n<\/div>\n<div class=\"youtube-confianza-item\" \n     data-video-index=\"11\" \n     data-video-id=\"udgiLyNdZjk\"\n     data-video-title=\"TRUMP \u00a1AGENTES DE LA CIA EN M\u00c9XICO! PAN ACEPTA INVASI\u00d3N ANAYA \u00a1HARFUCH MEGA OPERATIVO SHEINBAUM HOY!\"\n     data-channel-name=\"Campechaneando\"\n     data-published-date=\"23\/04\/2026\"\n     data-channel-thumbnail=\"https:\/\/yt3.googleusercontent.com\/ytc\/d58d807633c4b4a30be76863-c-k-c.png\">\n    <div class=\"confianza-card\">\n        <div class=\"confianza-thumbnail\">\n            <img decoding=\"async\" src=\"https:\/\/i2.ytimg.com\/vi\/udgiLyNdZjk\/hqdefault.jpg\" \n                 alt=\"TRUMP \u00a1AGENTES DE LA CIA EN M\u00c9XICO! PAN ACEPTA INVASI\u00d3N ANAYA \u00a1HARFUCH MEGA OPERATIVO SHEINBAUM HOY!\" \n                 loading=\"lazy\">\n            <div class=\"play-button\">\u25b6<\/div>\n        <\/div>\n        <div class=\"confianza-info\">\n            <h3 class=\"confianza-title\">TRUMP \u00a1AGENTES DE LA CIA EN M\u00c9XICO! PAN ACEPTA INVASI\u00d3N ANAYA \u00a1HARFUCH MEGA OPERATIVO SHEINBAUM HOY!<\/h3>\n            <div class=\"confianza-meta\">\n                <span class=\"confianza-date\">23\/04\/2026<\/span>\n            <\/div>\n        <\/div>\n    <\/div>\n<\/div>\n<div class=\"youtube-confianza-item\" \n     data-video-index=\"12\" \n     data-video-id=\"5F7rAo6iM04\"\n     data-video-title=\"SHEINBAUM \u00a1NO PERDONA A GOBERNADORA QUE METI\u00d3 AGENTES DE LA CIA TRUMP! MARU CAMPOS \u00a1HARFUCH, ANAYA!\"\n     data-channel-name=\"Campechaneando\"\n     data-published-date=\"22\/04\/2026\"\n     data-channel-thumbnail=\"https:\/\/yt3.googleusercontent.com\/ytc\/d58d807633c4b4a30be76863-c-k-c.png\">\n    <div class=\"confianza-card\">\n        <div class=\"confianza-thumbnail\">\n            <img decoding=\"async\" src=\"https:\/\/i2.ytimg.com\/vi\/5F7rAo6iM04\/hqdefault.jpg\" \n                 alt=\"SHEINBAUM \u00a1NO PERDONA A GOBERNADORA QUE METI\u00d3 AGENTES DE LA CIA TRUMP! MARU CAMPOS \u00a1HARFUCH, ANAYA!\" \n                 loading=\"lazy\">\n            <div class=\"play-button\">\u25b6<\/div>\n        <\/div>\n        <div class=\"confianza-info\">\n            <h3 class=\"confianza-title\">SHEINBAUM \u00a1NO PERDONA A GOBERNADORA QUE METI\u00d3 AGENTES DE LA CIA TRUMP! MARU CAMPOS \u00a1HARFUCH, ANAYA!<\/h3>\n            <div class=\"confianza-meta\">\n                <span class=\"confianza-date\">22\/04\/2026<\/span>\n            <\/div>\n        <\/div>\n    <\/div>\n<\/div>\n<div class=\"youtube-confianza-item\" \n     data-video-index=\"13\" \n     data-video-id=\"uJinHwhO7LM\"\n     data-video-title=\"TRUMP \u00a1TIENE MIEDO DE QUE M\u00c9XICO SE UNA A CHINA! SHEINBAUM \u00a1AGENTES DE EEUU SI ENTRAR\u00d3N CHIHUAHUA!\"\n     data-channel-name=\"Campechaneando\"\n     data-published-date=\"22\/04\/2026\"\n     data-channel-thumbnail=\"https:\/\/yt3.googleusercontent.com\/ytc\/d58d807633c4b4a30be76863-c-k-c.png\">\n    <div class=\"confianza-card\">\n        <div class=\"confianza-thumbnail\">\n            <img decoding=\"async\" src=\"https:\/\/i2.ytimg.com\/vi\/uJinHwhO7LM\/hqdefault.jpg\" \n                 alt=\"TRUMP \u00a1TIENE MIEDO DE QUE M\u00c9XICO SE UNA A CHINA! SHEINBAUM \u00a1AGENTES DE EEUU SI ENTRAR\u00d3N CHIHUAHUA!\" \n                 loading=\"lazy\">\n            <div class=\"play-button\">\u25b6<\/div>\n        <\/div>\n        <div class=\"confianza-info\">\n            <h3 class=\"confianza-title\">TRUMP \u00a1TIENE MIEDO DE QUE M\u00c9XICO SE UNA A CHINA! SHEINBAUM \u00a1AGENTES DE EEUU SI ENTRAR\u00d3N CHIHUAHUA!<\/h3>\n            <div class=\"confianza-meta\">\n                <span class=\"confianza-date\">22\/04\/2026<\/span>\n            <\/div>\n        <\/div>\n    <\/div>\n<\/div>\n<div class=\"youtube-confianza-item\" \n     data-video-index=\"14\" \n     data-video-id=\"36oq7442HJw\"\n     data-video-title=\"TRUMP POR SU CULPA \u00a1GASOLINAZO SORPRESA A M\u00c9XICO! SHEIBAUM \u00a1EMERGENCIA TODO SUBIR\u00cdA ESTA SEMANA!\"\n     data-channel-name=\"Campechaneando\"\n     data-published-date=\"21\/04\/2026\"\n     data-channel-thumbnail=\"https:\/\/yt3.googleusercontent.com\/ytc\/d58d807633c4b4a30be76863-c-k-c.png\">\n    <div class=\"confianza-card\">\n        <div class=\"confianza-thumbnail\">\n            <img decoding=\"async\" src=\"https:\/\/i4.ytimg.com\/vi\/36oq7442HJw\/hqdefault.jpg\" \n                 alt=\"TRUMP POR SU CULPA \u00a1GASOLINAZO SORPRESA A M\u00c9XICO! SHEIBAUM \u00a1EMERGENCIA TODO SUBIR\u00cdA ESTA SEMANA!\" \n                 loading=\"lazy\">\n            <div class=\"play-button\">\u25b6<\/div>\n        <\/div>\n        <div class=\"confianza-info\">\n            <h3 class=\"confianza-title\">TRUMP POR SU CULPA \u00a1GASOLINAZO SORPRESA A M\u00c9XICO! SHEIBAUM \u00a1EMERGENCIA TODO SUBIR\u00cdA ESTA SEMANA!<\/h3>\n            <div class=\"confianza-meta\">\n                <span class=\"confianza-date\">21\/04\/2026<\/span>\n            <\/div>\n        <\/div>\n    <\/div>\n<\/div><\/div>\n        <style>\n            .youtube-confianza-grid {\n                display: grid;\n                grid-template-columns: repeat(auto-fill, minmax(300px, 1fr));\n                gap: 20px;\n                margin: 25px 0;\n            }\n            .youtube-confianza-item {\n                cursor: pointer;\n            }\n            .confianza-card {\n                background: #fff;\n                border-radius: 12px;\n                overflow: hidden;\n                box-shadow: 0 3px 10px rgba(0,0,0,0.08);\n                transition: transform 0.3s ease;\n            }\n            .confianza-card:hover {\n                transform: translateY(-5px);\n                box-shadow: 0 10px 25px rgba(0,0,0,0.12);\n            }\n            .confianza-thumbnail {\n                position: relative;\n                padding-top: 56.25%;\n                overflow: hidden;\n            }\n            .confianza-thumbnail img {\n                position: absolute;\n                top: 0;\n                left: 0;\n                width: 100%;\n                height: 100%;\n                object-fit: cover;\n                transition: transform 0.3s;\n            }\n            .confianza-card:hover .confianza-thumbnail img {\n                transform: scale(1.05);\n            }\n            .play-button {\n                position: absolute;\n                top: 50%;\n                left: 50%;\n                transform: translate(-50%, -50%);\n                width: 64px;\n                height: 64px;\n                background: rgba(255, 0, 0, 0.8);\n                border-radius: 50%;\n                display: flex;\n                align-items: center;\n                justify-content: center;\n                font-size: 28px;\n                color: white;\n                opacity: 0;\n                transition: opacity 0.3s;\n            }\n            .confianza-card:hover .play-button {\n                opacity: 1;\n            }\n            .confianza-info {\n                padding: 15px;\n            }\n            .confianza-title {\n                font-size: 16px;\n                font-weight: 600;\n                margin: 0 0 8px 0;\n                color: #0f0f0f;\n                line-height: 1.4;\n                display: -webkit-box;\n                -webkit-line-clamp: 2;\n                -webkit-box-orient: vertical;\n                overflow: hidden;\n            }\n            .confianza-meta {\n                font-size: 12px;\n                color: #666;\n            }\n            .confianza-date {\n                display: inline-block;\n                background: #f1f3f4;\n                padding: 2px 8px;\n                border-radius: 4px;\n                font-size: 11px;\n            }\n        <\/style>\n\n\n\n<p><\/p>\n","protected":false},"excerpt":{"rendered":"<p>short<\/p>\n","protected":false},"author":1,"featured_media":0,"parent":0,"menu_order":0,"comment_status":"closed","ping_status":"closed","template":"","meta":{"footnotes":""},"class_list":["post-8","page","type-page","status-publish","hentry"],"_links":{"self":[{"href":"https:\/\/noticiasdeconfianza.tr3flex.com\/index.php?rest_route=\/wp\/v2\/pages\/8","targetHints":{"allow":["GET"]}}],"collection":[{"href":"https:\/\/noticiasdeconfianza.tr3flex.com\/index.php?rest_route=\/wp\/v2\/pages"}],"about":[{"href":"https:\/\/noticiasdeconfianza.tr3flex.com\/index.php?rest_route=\/wp\/v2\/types\/page"}],"author":[{"embeddable":true,"href":"https:\/\/noticiasdeconfianza.tr3flex.com\/index.php?rest_route=\/wp\/v2\/users\/1"}],"replies":[{"embeddable":true,"href":"https:\/\/noticiasdeconfianza.tr3flex.com\/index.php?rest_route=%2Fwp%2Fv2%2Fcomments&post=8"}],"version-history":[{"count":1,"href":"https:\/\/noticiasdeconfianza.tr3flex.com\/index.php?rest_route=\/wp\/v2\/pages\/8\/revisions"}],"predecessor-version":[{"id":10,"href":"https:\/\/noticiasdeconfianza.tr3flex.com\/index.php?rest_route=\/wp\/v2\/pages\/8\/revisions\/10"}],"wp:attachment":[{"href":"https:\/\/noticiasdeconfianza.tr3flex.com\/index.php?rest_route=%2Fwp%2Fv2%2Fmedia&parent=8"}],"curies":[{"name":"wp","href":"https:\/\/api.w.org\/{rel}","templated":true}]}}